{"id":86,"date":"2020-03-09T11:20:27","date_gmt":"2020-03-09T10:20:27","guid":{"rendered":"http:\/\/akademiainzynierska.pl\/?page_id=86"},"modified":"2023-10-25T08:30:18","modified_gmt":"2023-10-25T06:30:18","slug":"medal-im-gabriela-narutowicza","status":"publish","type":"page","link":"https:\/\/akademiainzynierska.pl\/index.php\/medal-im-gabriela-narutowicza\/","title":{"rendered":"Medal im. Gabriela Narutowicza"},"content":{"rendered":"\n<p>Medal  im. Gabriela Narutowicza jest najwy\u017cszym wyrazem uznania nadawanym  przez AIP osobom indywidualnym, bez zwi\u0105zku z przynale\u017cno\u015bci\u0105 do  Akademii, szczeg\u00f3lnie zas\u0142u\u017conym dla:<br>a)\u00a0 rozwoju techniki polskiej,<br>b)\u00a0\u00a0kszta\u0142cenia kadr in\u017cynierskich i technicznych,<br>c)\u00a0\u00a0wdra\u017cania nowoczesnych rozwi\u0105za\u0144 technicznych i technologicznych w Polsce i na \u015bwiecie,<br>d)\u00a0\u00a0popularyzacji osi\u0105gni\u0119\u0107 technicznych z zakresu: bada\u0144 i odkry\u0107 naukowych, wynalazczo\u015bci, racjonalizacji i innowacyjno\u015bci,<br>e)\u00a0\u00a0wspierania dzia\u0142alno\u015bci tw\u00f3rczej w dziedzinie nauk technicznych,<br>f)\u00a0\u00a0popularyzacji osi\u0105gni\u0119\u0107 z zakresu nauk matematycznych, fizycznych, chemicznych,\u00a0technicznych i przyrodniczych.<br><br>Medal nadawany jest, na wniosek Kapitu\u0142y , przez Prezesa Akademii w rocznic\u0119 wyboru Gabriela Narutowicza w 1922 roku na urz\u0105d I Prezydenta Rzeczypospolitej Polskiej. W latach 2002-2019 medalami im. Gabriela Narutowicza zosta\u0142y wyr\u00f3\u017cnione 64 osoby. W roku 2002 medalem wyr\u00f3\u017cnione zosta\u0142y tak\u017ce: Spo\u0142eczny Komitet Budowy Pomnika Gabriela Narutowicza. Przedsi\u0119biorstwo Bud. Miejskiego Po\u0142udnie S.A. (wykonawca rob\u00f3t ziemnych i betoniarskich coko\u0142u pomnika), Komitet Organizacyjny Obchod\u00f3w 80-tej rocznicy wyboru G. Narutowicza na Urz\u0105d Prezydenta RP.<\/p>\n","protected":false},"excerpt":{"rendered":"<p>Medal im. Gabriela Narutowicza jest najwy\u017cszym wyrazem uznania nadawanym przez AIP osobom indywidualnym, bez zwi\u0105zku z przynale\u017cno\u015bci\u0105 do Akademii, szczeg\u00f3lnie zas\u0142u\u017conym dla:a)\u00a0 rozwoju techniki polskiej,b)\u00a0\u00a0kszta\u0142cenia&#8230;<\/p>\n","protected":false},"author":2,"featured_media":0,"parent":0,"menu_order":0,"comment_status":"closed","ping_status":"closed","template":"","meta":{"footnotes":""},"class_list":["post-86","page","type-page","status-publish","hentry"],"_links":{"self":[{"href":"https:\/\/akademiainzynierska.pl\/index.php\/wp-json\/wp\/v2\/pages\/86","targetHints":{"allow":["GET"]}}],"collection":[{"href":"https:\/\/akademiainzynierska.pl\/index.php\/wp-json\/wp\/v2\/pages"}],"about":[{"href":"https:\/\/akademiainzynierska.pl\/index.php\/wp-json\/wp\/v2\/types\/page"}],"author":[{"embeddable":true,"href":"https:\/\/akademiainzynierska.pl\/index.php\/wp-json\/wp\/v2\/users\/2"}],"replies":[{"embeddable":true,"href":"https:\/\/akademiainzynierska.pl\/index.php\/wp-json\/wp\/v2\/comments?post=86"}],"version-history":[{"count":3,"href":"https:\/\/akademiainzynierska.pl\/index.php\/wp-json\/wp\/v2\/pages\/86\/revisions"}],"predecessor-version":[{"id":1017,"href":"https:\/\/akademiainzynierska.pl\/index.php\/wp-json\/wp\/v2\/pages\/86\/revisions\/1017"}],"wp:attachment":[{"href":"https:\/\/akademiainzynierska.pl\/index.php\/wp-json\/wp\/v2\/media?parent=86"}],"curies":[{"name":"wp","href":"https:\/\/api.w.org\/{rel}","templated":true}]}}