{"id":7,"date":"2020-03-04T17:23:03","date_gmt":"2020-03-04T16:23:03","guid":{"rendered":"http:\/\/serwer2063028.home.pl\/autoinstalator\/wordpressplugins\/?page_id=7"},"modified":"2022-04-25T13:47:06","modified_gmt":"2022-04-25T11:47:06","slug":"dzialalnosc","status":"publish","type":"page","link":"https:\/\/akademiainzynierska.pl\/index.php\/dzialalnosc\/","title":{"rendered":"Dzia\u0142alno\u015b\u0107"},"content":{"rendered":"\n<p>Celem AIP jest udzia\u0142 w zapewnianiu pa\u0144stwu polskiemu i jego spo\u0142ecze\u0144stwu oraz innym pa\u0144stwom i spo\u0142ecze\u0144stwom, w pierwszym rz\u0119dzie Unii Europejskiej, wzrostu bezpiecze\u0144stwa, zdrowia, sprawiedliwo\u015bci, dobrobytu i kultury.<\/p>\n\n\n\n<p>Do okre\u015blonego celu AIP d\u0105\u017cy poprzez prac\u0119 tw\u00f3rcz\u0105: techniczn\u0105 przedsi\u0119biorcz\u0105 i dydaktyczn\u0105 prowadzon\u0105 przez swoich cz\u0142onk\u00f3w, we wsp\u00f3\u0142pracy z innymi organizacjami spo\u0142ecznymi i instytucjami zawodowymi, ukierunkowan\u0105 na rozw\u00f3j eko-humanistycznej cywilizacji.<\/p>\n\n\n\n<p><strong>W szczeg\u00f3lno\u015bci AIP realizuje nast\u0119puj\u0105ce zadania:<\/strong><\/p>\n\n\n\n<p>1.&nbsp;&nbsp;&nbsp;&nbsp;&nbsp;&nbsp;&nbsp;inspiruje i uczestniczy w realizacji priorytetowych, kompleksowych program\u00f3w badawczo-rozwojowo-aplikacyjnych, krajowych i mi\u0119dzynarodowych, z wykorzystywaniem najnowocze\u015bniejszych i najw\u0142a\u015bciwszych technologii badawczych, metrologicznych, projektowych i organizacyjnych, <s><\/s><\/p>\n\n\n\n<p>2.&nbsp;&nbsp;&nbsp;&nbsp;&nbsp;&nbsp;&nbsp;pe\u0142ni funkcje opiniodawcze, doradcze i oceniaj\u0105ce, w zakresie swoich zawodowych kompetencji, dla instytucji i decydent\u00f3w pa\u0144stwowych, samorz\u0105dowych, gospodarczych i spo\u0142ecznych<\/p>\n\n\n\n<p>3.&nbsp;&nbsp;&nbsp;&nbsp;&nbsp;&nbsp;&nbsp;wsp\u00f3\u0142pracuje z uczelniami akademickimi i zawodowymi oraz ze szko\u0142ami \u015brednimi w zakresie&nbsp; poszerzania wiedzy i umiej\u0119tno\u015bci zawodowych student\u00f3w i uczni\u00f3w,<\/p>\n\n\n\n<p>4.&nbsp;&nbsp;&nbsp;&nbsp;&nbsp;&nbsp;&nbsp;uczestniczy w rozwoju&nbsp; oraz w popularyzacji wiedzy, <s><\/s><\/p>\n\n\n\n<p>5.&nbsp;&nbsp;&nbsp;&nbsp;&nbsp;&nbsp;&nbsp;prowadzi, z pomoc\u0105 donator\u00f3w i sponsor\u00f3w, popularyzowania we wszystkich wsp\u00f3\u0142czesnych formach przekazu, nowoczesnej wiedzy zawodowej i osi\u0105gni\u0119\u0107 cywilizacyjnych,<\/p>\n\n\n\n<p>6.&nbsp;&nbsp;&nbsp;&nbsp;&nbsp;&nbsp;&nbsp;wspiera i uczestniczy w integrowaniu dzia\u0142a\u0144 akademii in\u017cynierskich z innych kraj\u00f3w,<\/p>\n\n\n\n<p>7.&nbsp;&nbsp;&nbsp;&nbsp;&nbsp;&nbsp;&nbsp;wsp\u00f3\u0142pracuje ze stowarzyszeniami naukowo-technicznymi i ich Federacj\u0105 (<a href=\"http:\/\/www.not.org.pl\/\" target=\"_blank\" rel=\"noreferrer noopener\">FSNT-NOT<\/a>) oraz z innymi stowarzyszeniami spo\u0142eczno-zawodowymi, integralnie zwi\u0105zanymi z realizacj\u0105 rozwoju cywilizacyjnego, jak np. przedsi\u0119biorcy, ekonomi\u015bci, prawnicy, organizatorzy itp.,<\/p>\n\n\n\n<p>8.&nbsp;&nbsp;&nbsp;&nbsp;&nbsp;&nbsp;&nbsp;podejmuje dzia\u0142ania, zmierzaj\u0105ce do wyra\u017cania r\u00f3\u017cnych form uznania tw\u00f3rcom w dziedzinie in\u017cynierii, przedsi\u0119biorczo\u015bci i szeroko pojmowanej dydaktyk,<\/p>\n\n\n\n<p>9.&nbsp;&nbsp;&nbsp;&nbsp;&nbsp;&nbsp;&nbsp;wydaje publikacje i upowszechnia przez wsp\u00f3\u0142czesne \u015brodki przekazu informacje o dzia\u0142alno\u015bci w\u0142asnej i zagranicznych akademii in\u017cynierskich,<\/p>\n\n\n\n<p>10.\u00a0\u00a0\u00a0 organizacja po\u017cytku publicznego, \u00a0kt\u00f3rej istot\u0105 s\u0105 dzia\u0142ania na rzecz rozwoju nowoczesnych technologii i przedsi\u0119biorczo\u015bci innowacyjnej oraz transferu technologii do praktyki gospodarczej, szerzenie kultury technicznej w dostosowaniu do strategii zr\u00f3wnowa\u017conego rozwoju oraz promocja polskiej innowacyjno\u015bci w kraju i zagranic\u0105.<\/p>\n\n\n\n<p>11. AIP realizuje swoj\u0105 dzia\u0142alno\u015b\u0107 statutow\u0105 zgodnie z przepisami w\u0142a\u015bciwymi dla organizacji po\u017cytku publicznego.<\/p>\n","protected":false},"excerpt":{"rendered":"<p>Celem AIP jest udzia\u0142 w zapewnianiu pa\u0144stwu polskiemu i jego spo\u0142ecze\u0144stwu oraz innym pa\u0144stwom i spo\u0142ecze\u0144stwom, w pierwszym rz\u0119dzie Unii Europejskiej, wzrostu bezpiecze\u0144stwa, zdrowia, sprawiedliwo\u015bci,&#8230;<\/p>\n","protected":false},"author":2,"featured_media":0,"parent":0,"menu_order":0,"comment_status":"closed","ping_status":"closed","template":"","meta":{"footnotes":""},"class_list":["post-7","page","type-page","status-publish","hentry"],"_links":{"self":[{"href":"https:\/\/akademiainzynierska.pl\/index.php\/wp-json\/wp\/v2\/pages\/7","targetHints":{"allow":["GET"]}}],"collection":[{"href":"https:\/\/akademiainzynierska.pl\/index.php\/wp-json\/wp\/v2\/pages"}],"about":[{"href":"https:\/\/akademiainzynierska.pl\/index.php\/wp-json\/wp\/v2\/types\/page"}],"author":[{"embeddable":true,"href":"https:\/\/akademiainzynierska.pl\/index.php\/wp-json\/wp\/v2\/users\/2"}],"replies":[{"embeddable":true,"href":"https:\/\/akademiainzynierska.pl\/index.php\/wp-json\/wp\/v2\/comments?post=7"}],"version-history":[{"count":5,"href":"https:\/\/akademiainzynierska.pl\/index.php\/wp-json\/wp\/v2\/pages\/7\/revisions"}],"predecessor-version":[{"id":1393,"href":"https:\/\/akademiainzynierska.pl\/index.php\/wp-json\/wp\/v2\/pages\/7\/revisions\/1393"}],"wp:attachment":[{"href":"https:\/\/akademiainzynierska.pl\/index.php\/wp-json\/wp\/v2\/media?parent=7"}],"curies":[{"name":"wp","href":"https:\/\/api.w.org\/{rel}","templated":true}]}}