{"id":60,"date":"2020-03-08T12:36:59","date_gmt":"2020-03-08T11:36:59","guid":{"rendered":"http:\/\/akademiainzynierska.pl\/?page_id=60"},"modified":"2023-02-22T09:52:14","modified_gmt":"2023-02-22T08:52:14","slug":"opp","status":"publish","type":"page","link":"https:\/\/akademiainzynierska.pl\/index.php\/opp\/","title":{"rendered":"Organizacja Po\u017cytku Publicznego"},"content":{"rendered":"<div class=\"wp-block-image\">\n<figure class=\"aligncenter size-full\"><img loading=\"lazy\" decoding=\"async\" width=\"375\" height=\"152\" src=\"https:\/\/akademiainzynierska.pl\/wp-content\/uploads\/2023\/02\/opp-300x142-2.jpg\" alt=\"\" class=\"wp-image-814\" srcset=\"https:\/\/akademiainzynierska.pl\/wp-content\/uploads\/2023\/02\/opp-300x142-2.jpg 375w, https:\/\/akademiainzynierska.pl\/wp-content\/uploads\/2023\/02\/opp-300x142-2-300x122.jpg 300w\" sizes=\"auto, (max-width: 375px) 100vw, 375px\" \/><\/figure>\n<\/div>\n\n\n<p> Zapraszamy Pa\u0144stwa do przekazywania 1,5% podatku na rzecz Akademii In\u017cynierskiej z przeznaczeniem na realizacj\u0119 jej misji, kt\u00f3rej istot\u0105 s\u0105 dzia\u0142ania na rzecz rozwoju nowoczesnych technologii i przedsi\u0119biorczo\u015bci innowacyjnej oraz transferu technologii do praktyki gospodarczej, szerzenie kultury technicznej w dostosowaniu do strategii zr\u00f3wnowa\u017conego rozwoju oraz promocja polskiej innowacyjno\u015bci w kraju i zagranic\u0105.<\/p>\n\n\n\n<p>Osoby, kt\u00f3re zechc\u0105 przekaza\u0107 1,5% swojego podatku dochodowego na rzecz AIP, prosimy o zaznaczenie tego w formularzu PIT poprzez wpisanie nazwy:<br>Akademia In\u017cynierska w Polsce<br>oraz podanie numeru KRS: 0000114453<\/p>\n\n\n\n<p><a href=\"https:\/\/spis.ngo.pl\/147668-akademia-inzynierska-w-polsce\">https:\/\/spis.ngo.pl\/147668-akademia-inzynierska-w-polsce<\/a><\/p>\n\n\n\n<p class=\"has-text-align-left\">Wi\u0119cej o przekazywaniu 1,5% podatku na cele po\u017cytku publicznego mo\u017cna przeczyta\u0107 m.in. na stronie<strong>&nbsp;<\/strong><a rel=\"noreferrer noopener\" href=\"https:\/\/pozytek.ngo.pl\/\" target=\"_blank\">https:\/\/pozytek.ngo.pl\/<\/a>. <\/p>\n","protected":false},"excerpt":{"rendered":"<p>Zapraszamy Pa\u0144stwa do przekazywania 1,5% podatku na rzecz Akademii In\u017cynierskiej z przeznaczeniem na realizacj\u0119 jej misji, kt\u00f3rej istot\u0105 s\u0105 dzia\u0142ania na rzecz rozwoju nowoczesnych technologii&#8230;<\/p>\n","protected":false},"author":2,"featured_media":0,"parent":0,"menu_order":0,"comment_status":"closed","ping_status":"closed","template":"","meta":{"footnotes":""},"class_list":["post-60","page","type-page","status-publish","hentry"],"_links":{"self":[{"href":"https:\/\/akademiainzynierska.pl\/index.php\/wp-json\/wp\/v2\/pages\/60","targetHints":{"allow":["GET"]}}],"collection":[{"href":"https:\/\/akademiainzynierska.pl\/index.php\/wp-json\/wp\/v2\/pages"}],"about":[{"href":"https:\/\/akademiainzynierska.pl\/index.php\/wp-json\/wp\/v2\/types\/page"}],"author":[{"embeddable":true,"href":"https:\/\/akademiainzynierska.pl\/index.php\/wp-json\/wp\/v2\/users\/2"}],"replies":[{"embeddable":true,"href":"https:\/\/akademiainzynierska.pl\/index.php\/wp-json\/wp\/v2\/comments?post=60"}],"version-history":[{"count":10,"href":"https:\/\/akademiainzynierska.pl\/index.php\/wp-json\/wp\/v2\/pages\/60\/revisions"}],"predecessor-version":[{"id":817,"href":"https:\/\/akademiainzynierska.pl\/index.php\/wp-json\/wp\/v2\/pages\/60\/revisions\/817"}],"wp:attachment":[{"href":"https:\/\/akademiainzynierska.pl\/index.php\/wp-json\/wp\/v2\/media?parent=60"}],"curies":[{"name":"wp","href":"https:\/\/api.w.org\/{rel}","templated":true}]}}