{"id":522,"date":"2022-03-21T11:53:24","date_gmt":"2022-03-21T10:53:24","guid":{"rendered":"https:\/\/akademiainzynierska.pl\/?page_id=522"},"modified":"2023-12-18T11:14:04","modified_gmt":"2023-12-18T10:14:04","slug":"xxxviii-nadzwyczajne-zgromadzenie-aip","status":"publish","type":"page","link":"https:\/\/akademiainzynierska.pl\/index.php\/xxxviii-nadzwyczajne-zgromadzenie-aip\/","title":{"rendered":"XXXVIII Nadzwyczajne Zgromadzenie AIP"},"content":{"rendered":"\n<p>Zaproszenie na Zgromadzenie Og\u00f3lne &nbsp;6 kwietnia godz. 12:00<\/p>\n\n\n\n<p>Logowanie b\u0119dzie mo\u017cliwe 6 kwietnia od godz. <a href=\"calendar:T1:11:30\">11:30<\/a>.&nbsp;<\/p>\n\n\n\n<p>W przypadku trudno\u015bci z zalogowaniem prosz\u0119 o kontakt telefoniczny z Sebastianem Skoczypcem <a href=\"tel:690-400-133\">690-400-133<\/a> lub Adrianem Smag\u00f3rem <a href=\"tel:663213464\">663213464<\/a>.<\/p>\n\n\n\n<p>Dodajemy kart\u0119 zg\u0142oszenia z podanym emailem, na kt\u00f3ry zostanie wys\u0142any link do g\u0142osowania<\/p>\n\n\n\n<div class=\"wp-block-file\"><a id=\"wp-block-file--media-d7b72c2d-52e9-487f-8fe8-5765f0c7ff51\" href=\"https:\/\/akademiainzynierska.pl\/wp-content\/uploads\/2022\/04\/KARTA-ZGLOSZENIA.docx\">KARTA-ZGLOSZENIA<\/a><a href=\"https:\/\/akademiainzynierska.pl\/wp-content\/uploads\/2022\/04\/KARTA-ZGLOSZENIA.docx\" class=\"wp-block-file__button wp-element-button\" download aria-describedby=\"wp-block-file--media-d7b72c2d-52e9-487f-8fe8-5765f0c7ff51\">Pobierz<\/a><\/div>\n\n\n\n<p><\/p>\n\n\n\n<p><\/p>\n\n\n\n<p class=\"has-text-align-right\"><strong>UCHWA\u0141A KOMITETU WYKONAWCZEGO<\/strong><\/p>\n\n\n\n<p class=\"has-text-align-right\"><strong>&nbsp; AIP&nbsp;z dnia 15 marca 2022 roku<\/strong><\/p>\n\n\n\n<p class=\"has-text-align-right\"><strong>&nbsp;w sprawie zwo\u0142ania<\/strong><\/p>\n\n\n\n<p><strong>&nbsp;&nbsp;&nbsp;&nbsp;&nbsp;&nbsp;&nbsp; XXXVIII NADZWYCZAJNEGO ZGROMADZENIA OG\u00d3LNEGO AKADEMII IN\u017bYNIERSKIEJ W POLSCE<\/strong><\/p>\n\n\n\n<p>Na podstawie paragrafu 10 punkt 1 statutu AIP Komitet Wykonawczy zwo\u0142uje XXXVIII Zgromadzenie Og\u00f3lne cz\u0142onk\u00f3w Akademii In\u017cynierskiej w Polsce<\/p>\n\n\n\n<p>na &nbsp; \u015brod\u0119 6 kwietnia 2022 roku o godz. 12:00 (I termin) i o godz. 12:15 (II termin). Zgromadzenie odb\u0119dzie si\u0119 w trybie zdalnym za po\u015brednictwem platformy internetowej.<\/p>\n\n\n\n<p>Proponowany porz\u0105dek obrad Zgromadzenia:<\/p>\n\n\n\n<ol class=\"wp-block-list\">\n<li>Otwarcie. Przyj\u0119cie uchwa\u0142y w sprawie napa\u015bci Rosji na Ukrain\u0119.<\/li>\n\n\n\n<li>Informacja o ukonstytuowaniu si\u0119 Komisji Wyborczej, trybie zg\u0142aszania kandydat\u00f3w do w\u0142adz i organ\u00f3w Akademii, terminie i programie Zgromadzenia Og\u00f3lnego sprawozdawczo-wyborczego AIP<\/li>\n\n\n\n<li>Rozpatrzenie sprawozdania merytorycznego i finansowego z dzia\u0142alno\u015bci AIP w roku 2021<\/li>\n\n\n\n<li>Sprawozdanie Komisji Rewizyjnej.<\/li>\n\n\n\n<li>&nbsp;Dyskusja i podj\u0119cie uchwa\u0142 w sprawie zatwierdzenia sprawozda\u0144 i udzielenia absolutorium Komitetowi Wykonawczemu<\/li>\n\n\n\n<li>Podj\u0119cie uchwa\u0142 w sprawach cz\u0142onkowskich.<\/li>\n\n\n\n<li>Sprawy r\u00f3\u017cne i wolne wnioski<\/li>\n<\/ol>\n\n\n\n<p><\/p>\n\n\n\n<p><strong>Bilans i Sprawozdanie:<\/strong><\/p>\n\n\n\n<div class=\"wp-block-file\"><a id=\"wp-block-file--media-ea684216-4430-4724-911c-8cefa268de03\" href=\"https:\/\/akademiainzynierska.pl\/wp-content\/uploads\/2022\/03\/Bilans-AIP-2021.pdf\">Bilans-AIP-2021<\/a><a href=\"https:\/\/akademiainzynierska.pl\/wp-content\/uploads\/2022\/03\/Bilans-AIP-2021.pdf\" class=\"wp-block-file__button wp-element-button\" download aria-describedby=\"wp-block-file--media-ea684216-4430-4724-911c-8cefa268de03\">Pobierz<\/a><\/div>\n\n\n\n<div class=\"wp-block-file\"><a id=\"wp-block-file--media-b6a9ab21-ecfa-4bf5-b924-52769dd07739\" href=\"https:\/\/akademiainzynierska.pl\/wp-content\/uploads\/2022\/03\/Sprawozdanie-merytoryczne-2021.pdf\">Sprawozdanie-merytoryczne-2021<\/a><a href=\"https:\/\/akademiainzynierska.pl\/wp-content\/uploads\/2022\/03\/Sprawozdanie-merytoryczne-2021.pdf\" class=\"wp-block-file__button wp-element-button\" download aria-describedby=\"wp-block-file--media-b6a9ab21-ecfa-4bf5-b924-52769dd07739\">Pobierz<\/a><\/div>\n\n\n\n<p><strong>Opinie Komisji Rewizyjnej:<\/strong><\/p>\n\n\n\n<div class=\"wp-block-file\"><a id=\"wp-block-file--media-e911929f-33f5-4b17-beef-7a2f51d6a3e6\" href=\"https:\/\/akademiainzynierska.pl\/wp-content\/uploads\/2022\/03\/KR-ocena-merytoryczna-2021.pdf\">KR-ocena-merytoryczna-2021<\/a><a href=\"https:\/\/akademiainzynierska.pl\/wp-content\/uploads\/2022\/03\/KR-ocena-merytoryczna-2021.pdf\" class=\"wp-block-file__button wp-element-button\" download aria-describedby=\"wp-block-file--media-e911929f-33f5-4b17-beef-7a2f51d6a3e6\">Pobierz<\/a><\/div>\n\n\n\n<div class=\"wp-block-file\"><a id=\"wp-block-file--media-74f81d78-369a-4b71-a014-416ddc6d3753\" href=\"https:\/\/akademiainzynierska.pl\/wp-content\/uploads\/2022\/03\/KR-ocena-finansowa-2021.pdf\">KR-ocena-finansowa-2021<\/a><a href=\"https:\/\/akademiainzynierska.pl\/wp-content\/uploads\/2022\/03\/KR-ocena-finansowa-2021.pdf\" class=\"wp-block-file__button wp-element-button\" download aria-describedby=\"wp-block-file--media-74f81d78-369a-4b71-a014-416ddc6d3753\">Pobierz<\/a><\/div>\n\n\n\n<p><strong>Uchwa\u0142a w sprawie Ukrainy:<\/strong><\/p>\n\n\n\n<div class=\"wp-block-file\"><a id=\"wp-block-file--media-bfb64a67-dc4c-4a9c-b977-1e4bd5f64d33\" href=\"https:\/\/akademiainzynierska.pl\/wp-content\/uploads\/2022\/04\/Uchwala-w-sprawie-Ukrainy.pdf\">Uchwala-w-sprawie-Ukrainy<\/a><a href=\"https:\/\/akademiainzynierska.pl\/wp-content\/uploads\/2022\/04\/Uchwala-w-sprawie-Ukrainy.pdf\" class=\"wp-block-file__button wp-element-button\" download aria-describedby=\"wp-block-file--media-bfb64a67-dc4c-4a9c-b977-1e4bd5f64d33\">Pobierz<\/a><\/div>\n\n\n\n<p><\/p>\n","protected":false},"excerpt":{"rendered":"<p>Zaproszenie na Zgromadzenie Og\u00f3lne &nbsp;6 kwietnia godz. 12:00 Logowanie b\u0119dzie mo\u017cliwe 6 kwietnia od godz. 11:30.&nbsp; W przypadku trudno\u015bci z zalogowaniem prosz\u0119 o kontakt telefoniczny&#8230;<\/p>\n","protected":false},"author":2,"featured_media":0,"parent":0,"menu_order":0,"comment_status":"closed","ping_status":"closed","template":"","meta":{"footnotes":""},"class_list":["post-522","page","type-page","status-publish","hentry"],"_links":{"self":[{"href":"https:\/\/akademiainzynierska.pl\/index.php\/wp-json\/wp\/v2\/pages\/522","targetHints":{"allow":["GET"]}}],"collection":[{"href":"https:\/\/akademiainzynierska.pl\/index.php\/wp-json\/wp\/v2\/pages"}],"about":[{"href":"https:\/\/akademiainzynierska.pl\/index.php\/wp-json\/wp\/v2\/types\/page"}],"author":[{"embeddable":true,"href":"https:\/\/akademiainzynierska.pl\/index.php\/wp-json\/wp\/v2\/users\/2"}],"replies":[{"embeddable":true,"href":"https:\/\/akademiainzynierska.pl\/index.php\/wp-json\/wp\/v2\/comments?post=522"}],"version-history":[{"count":13,"href":"https:\/\/akademiainzynierska.pl\/index.php\/wp-json\/wp\/v2\/pages\/522\/revisions"}],"predecessor-version":[{"id":1128,"href":"https:\/\/akademiainzynierska.pl\/index.php\/wp-json\/wp\/v2\/pages\/522\/revisions\/1128"}],"wp:attachment":[{"href":"https:\/\/akademiainzynierska.pl\/index.php\/wp-json\/wp\/v2\/media?parent=522"}],"curies":[{"name":"wp","href":"https:\/\/api.w.org\/{rel}","templated":true}]}}