{"id":185,"date":"2020-12-01T15:29:58","date_gmt":"2020-12-01T14:29:58","guid":{"rendered":"https:\/\/akademiainzynierska.pl\/?page_id=185"},"modified":"2026-02-03T07:41:10","modified_gmt":"2026-02-03T06:41:10","slug":"skladki-czlonkowskie","status":"publish","type":"page","link":"https:\/\/akademiainzynierska.pl\/index.php\/skladki-czlonkowskie\/","title":{"rendered":"Sk\u0142adki cz\u0142onkowskie"},"content":{"rendered":"\n<p><strong>Sk\u0142adka cz\u0142onkowska<\/strong><\/p>\n\n\n\n<p>Od 1 stycznia 2024 roku wysoko\u015b\u0107 sk\u0142adek cz\u0142onkowskich wynosi odpowiednio:<\/p>\n\n\n\n<p>normalna dla cz\u0142onk\u00f3w zwyczajnych: 150 z\u0142 rocznie,<\/p>\n\n\n\n<p>ulgowa przys\u0142uguj\u0105ca emerytowanym cz\u0142onkom AIP niepracuj\u0105cym zawodowo 50 z\u0142 rocznie.<\/p>\n\n\n\n<p><strong>Zgromadzenie Og\u00f3lne Akademii In\u017cynierskiej w Polsce zwalnia cz\u0142onk\u00f3w zwyczajnych AIP z obowi\u0105zku p\u0142acenia sk\u0142adek<u>&nbsp;po uko\u0144czeniu 80 roku \u017cycia.<\/u><\/strong> Uchwa\u0142a wesz\u0142a w \u017cycie z dniem&nbsp;1 stycznia 2026 r<strong>.<\/strong><\/p>\n\n\n\n<p><strong>Wp\u0142ata na konto AIP<\/strong><\/p>\n\n\n\n<p>Sk\u0142adki cz\u0142onkowskie nale\u017cy wp\u0142aca\u0107 przelewem na konto AIP:<\/p>\n\n\n\n<p>Bank Millennium S.A. w Warszawie,<\/p>\n\n\n\n<p>nr <strong>91 1160 2202 0000 0000 6083 9118<\/strong><\/p>\n\n\n\n<p>w tytule prosz\u0119 poda\u0107 &#8222;<strong>Imi\u0119 Nazwisko rok sk\u0142adek<\/strong>&#8222;<\/p>\n\n\n\n<p>Prosimy o terminowe wp\u0142acanie sk\u0142adek.<\/p>\n\n\n\n<p><strong>Informacji w sprawach&nbsp; sk\u0142adek&nbsp; cz\u0142onkowskich udzielaj\u0105:&nbsp;<\/strong><\/p>\n\n\n\n<p>skarbnik Albert.Smalcerz@polsl.pl <\/p>\n\n\n\n<p>Sekretarz generalny email: dorota.swiercz@pw.edu.pl <\/p>\n\n\n\n<p><\/p>\n","protected":false},"excerpt":{"rendered":"<p>Sk\u0142adka cz\u0142onkowska Od 1 stycznia 2024 roku wysoko\u015b\u0107 sk\u0142adek cz\u0142onkowskich wynosi odpowiednio: normalna dla cz\u0142onk\u00f3w zwyczajnych: 150 z\u0142 rocznie, ulgowa przys\u0142uguj\u0105ca emerytowanym cz\u0142onkom AIP niepracuj\u0105cym&#8230;<\/p>\n","protected":false},"author":2,"featured_media":0,"parent":0,"menu_order":0,"comment_status":"closed","ping_status":"closed","template":"","meta":{"footnotes":""},"class_list":["post-185","page","type-page","status-publish","hentry"],"_links":{"self":[{"href":"https:\/\/akademiainzynierska.pl\/index.php\/wp-json\/wp\/v2\/pages\/185","targetHints":{"allow":["GET"]}}],"collection":[{"href":"https:\/\/akademiainzynierska.pl\/index.php\/wp-json\/wp\/v2\/pages"}],"about":[{"href":"https:\/\/akademiainzynierska.pl\/index.php\/wp-json\/wp\/v2\/types\/page"}],"author":[{"embeddable":true,"href":"https:\/\/akademiainzynierska.pl\/index.php\/wp-json\/wp\/v2\/users\/2"}],"replies":[{"embeddable":true,"href":"https:\/\/akademiainzynierska.pl\/index.php\/wp-json\/wp\/v2\/comments?post=185"}],"version-history":[{"count":12,"href":"https:\/\/akademiainzynierska.pl\/index.php\/wp-json\/wp\/v2\/pages\/185\/revisions"}],"predecessor-version":[{"id":2101,"href":"https:\/\/akademiainzynierska.pl\/index.php\/wp-json\/wp\/v2\/pages\/185\/revisions\/2101"}],"wp:attachment":[{"href":"https:\/\/akademiainzynierska.pl\/index.php\/wp-json\/wp\/v2\/media?parent=185"}],"curies":[{"name":"wp","href":"https:\/\/api.w.org\/{rel}","templated":true}]}}