{"id":163,"date":"2020-11-22T11:43:13","date_gmt":"2020-11-22T10:43:13","guid":{"rendered":"http:\/\/akademiainzynierska.pl\/?page_id=163"},"modified":"2020-11-26T13:34:09","modified_gmt":"2020-11-26T12:34:09","slug":"xxxv-zgromadzenie-ogolne-aip","status":"publish","type":"page","link":"https:\/\/akademiainzynierska.pl\/index.php\/xxxv-zgromadzenie-ogolne-aip\/","title":{"rendered":"XXXV Zgromadzenie Og\u00f3lne AIP"},"content":{"rendered":"\n<p>Zgromadzenie Og\u00f3lne AIP odb\u0119dzie si\u0119 w trybie zdalnym w czwartek 10 grudnia 2020 roku o godz. 11:00 (I termin) lub o godz. 11:15 (II termin).<\/p>\n\n\n\n<p><a rel=\"noreferrer noopener\" href=\"https:\/\/akademiainzynierska.pl\/index.php\/2020\/11\/19\/zaproszenie-2\/\" target=\"_blank\"><strong>Zaproszenie na XXXV Zgromadzenie Og\u00f3lne AIP<\/strong><\/a><\/p>\n\n\n\n<p><strong><a href=\"https:\/\/akademiainzynierska.pl\/index.php\/2020\/11\/19\/glosowanie\/\" target=\"_blank\" rel=\"noreferrer noopener\">G\u0142osowanie przez podniesienie r\u0119ki w zoom<\/a><\/strong><\/p>\n\n\n\n<p>Jerzy Barglik zaprasza na spotkanie na platformie zoom:<\/p>\n\n\n\n<p><em>prosz\u0119 logowa\u0107 si\u0119 wpisuj\u0105c Imi\u0119 Nazwisko &#8211; <em>dane te s\u0105 niezb\u0119dne do sporz\u0105dzenia listy cz\u0142onk\u00f3w AIP obecnych na Zgromadzeniu.<\/em><\/em><\/p>\n\n\n\n<p>Link do spotkania:<\/p>\n\n\n\n<p><a href=\"https:\/\/zoom.us\/j\/99499057680?pwd=MnZ5RjQ3bDFjbzByMnd2ZHFoN0MrQT09\">https:\/\/zoom.us\/j\/99499057680?pwd=MnZ5RjQ3bDFjbzByMnd2ZHFoN0MrQT09<\/a> <\/p>\n\n\n\n<p>Meeting ID: 994 9905 7680 Passcode: 643658<\/p>\n","protected":false},"excerpt":{"rendered":"<p>Zgromadzenie Og\u00f3lne AIP odb\u0119dzie si\u0119 w trybie zdalnym w czwartek 10 grudnia 2020 roku o godz. 11:00 (I termin) lub o godz. 11:15 (II termin)&#8230;.<\/p>\n","protected":false},"author":2,"featured_media":0,"parent":0,"menu_order":0,"comment_status":"closed","ping_status":"closed","template":"","meta":{"footnotes":""},"class_list":["post-163","page","type-page","status-publish","hentry"],"_links":{"self":[{"href":"https:\/\/akademiainzynierska.pl\/index.php\/wp-json\/wp\/v2\/pages\/163","targetHints":{"allow":["GET"]}}],"collection":[{"href":"https:\/\/akademiainzynierska.pl\/index.php\/wp-json\/wp\/v2\/pages"}],"about":[{"href":"https:\/\/akademiainzynierska.pl\/index.php\/wp-json\/wp\/v2\/types\/page"}],"author":[{"embeddable":true,"href":"https:\/\/akademiainzynierska.pl\/index.php\/wp-json\/wp\/v2\/users\/2"}],"replies":[{"embeddable":true,"href":"https:\/\/akademiainzynierska.pl\/index.php\/wp-json\/wp\/v2\/comments?post=163"}],"version-history":[{"count":6,"href":"https:\/\/akademiainzynierska.pl\/index.php\/wp-json\/wp\/v2\/pages\/163\/revisions"}],"predecessor-version":[{"id":177,"href":"https:\/\/akademiainzynierska.pl\/index.php\/wp-json\/wp\/v2\/pages\/163\/revisions\/177"}],"wp:attachment":[{"href":"https:\/\/akademiainzynierska.pl\/index.php\/wp-json\/wp\/v2\/media?parent=163"}],"curies":[{"name":"wp","href":"https:\/\/api.w.org\/{rel}","templated":true}]}}