{"id":13,"date":"2020-03-04T17:23:03","date_gmt":"2020-03-04T16:23:03","guid":{"rendered":"http:\/\/serwer2063028.home.pl\/autoinstalator\/wordpressplugins\/?page_id=13"},"modified":"2025-12-11T16:59:08","modified_gmt":"2025-12-11T15:59:08","slug":"english","status":"publish","type":"page","link":"https:\/\/akademiainzynierska.pl\/index.php\/english\/","title":{"rendered":"English"},"content":{"rendered":"\n<p><strong>About the Academy<\/strong><\/p>\n\n\n\n<p>The  Academy of Engineering in Poland is a scientific association  established in 1992. The Academy&#8217;s mission is to support the development  of modern technologies and innovative entrepreneurship as well as to  support technology transfer into business practice, contribute to the  strengthening of technological culture to promote sustainable economic  growth, and promote Polish innovation in the country and abroad.<\/p>\n\n\n\n<p>&nbsp;&nbsp;<strong>Activity<\/strong><\/p>\n\n\n\n<p>The  Academy\u2019s goal is to contribute as much as possible to ensuring the  continuous growth of security, health, justice, prosperity and culture  of the Polish state and its society, as well as other states and  societies, especially these in the European Union.In order to achieve  the above mentioned purpose, the Academy makes a continuous collective  effort in creative, technical, entrepreneurial and didactic work  conducted by its members and the entire Academy or its organizational  units, in cooperation with other social organizations and professional  institutions, directed at the development of our eco-humanistic  civilization and promoting it fairly throughout the world.In particular,  the Academy performs the following tasks:inspires and participates in  the implementation of priority comprehensive research, development and  application programs, both national and international, with the utmost  use of the most modern and appropriate research, metrological, design  and organizational technologies to meet existing and newly created areas  of human needs,within the scope of its professional competences,  performs consultative, advisory and evaluation functions for  institutions and state, local government, economic and social  decision-makers,cooperates with universities and other higher education  institutions as well as with secondary schools in the area to work on  didactic and andragogical improvement, in the course of students\u2019  training in professional knowledge and skills,participates in the  development of technology and technosophy and in the popularization of  this knowledge within the framework of the Academy and the entire social  and professional community,with the help of donors and sponsors,  popularizes modern professional knowledge and civilization achievements  in all modern forms of communication,supports and participates in the  integration of activities performed by academies of engineering in other  countries, andin particular, cooperates with the International Council  of Academies of Engineering and Technological Sciences (CAETS), of which  it is a member,cooperates with scientific and technological  associations and their Federation (FSNT-NOT) as well as with other  social and professional associations devoted to the implementation of  civilization development, such as entrepreneurs, economists, lawyers,  organizers, etc.,takes actions aimed at expressing different forms of  recognition and appreciation to honour creators in the fields of  engineering, entrepreneurship, and broadly understood  didactics,publishes information about the activities of its own and of  foreign academies of engineering devoted to the problems of  eco-humanistic, progressive and just civilization, and popularizes it  through modern media,provides material means for achieving statutory  objectives, developing economic activity, the profits of which are to  suport the Academy\u2019s statutory activities (link to The Gabriel  Narutowicz Foundation), and uses public and private subsidies.&nbsp;&nbsp;&nbsp;<\/p>\n\n\n\n<p><strong>The Academy\u2019s StructureThe General Assembly<\/strong>&nbsp;is the supreme authority of the Academy.&nbsp;<\/p>\n\n\n\n<p>The Academy&#8217;s activity is managed by\u00a0<strong>the Executive Committ<\/strong>ee <\/p>\n\n\n\n<p><strong>The Gabriel Narutowicz Medal<\/strong><\/p>\n\n\n\n<p>The  Gabriel Narutowicz Honorary Medal is a form of the highest expression  of recognition granted by the Academy to individuals regardless of their  affiliation to the Academy, especially meritorious for:<\/p>\n\n\n\n<p>a) &nbsp;development  of technology in Poland,<\/p>\n\n\n\n<p>b)&nbsp; achievements in education of engineering and  technical personnel,<\/p>\n\n\n\n<p>c)&nbsp; implementation of modern technical and  technological solutions in Poland and in the world,<\/p>\n\n\n\n<p>d)&nbsp; popularization of  technical achievements in the field of: research and scientific  discoveries, inventiveness, rationalization and innovation,<\/p>\n\n\n\n<p>e)&nbsp;  supporting creativity in the field of technical sciences,<\/p>\n\n\n\n<p>f)&nbsp;  popularization of achievements in the field of mathematical, physical,  chemical, technical and natural sciences.<\/p>\n\n\n\n<p>The medal is awarded at the  request of the Committee by the President of the Academy on the  anniversary of the election of Gabriel Narutowicz in 1922 to the office  of the first President of the Republic of Poland.So far, this  distinction has been awarded to, among others: Jerzy Buzek, W\u0142adys\u0142aw  Bartoszewski, Micha\u0142 Kleiber, W\u0142adys\u0142aw W\u0142osi\u0144ski, Ryszard Tadeusiewicz,  Janusz Szosland, Krzysztof Michalski.&nbsp;<\/p>\n\n\n\n<p><br>We warmly congratulate the new members of the Academy&nbsp;<strong>The Academy\u2019s patronage of the EBEC Poland 2019 competition<\/strong><\/p>\n\n\n\n<p>The Engineering Academy once again took the honorary patronage of the 13<sup>th<\/sup>&nbsp;European BEST Engineering Competition (EBEC Poland 2019).<br>The  EBEC Poland competition is a joint venture of six Polish technical  universities: the AGH University of Science and Technology in Krak\u00f3w and  the universities of technology in Gda\u0144sk, Gliwice, \u0141\u00f3d\u017a, Warsaw and  Wroc\u0142aw. It is organized by the BEST Students Association.<br>The  competition gives future engineers the opportunity to demonstrate their  knowledge, skills and creativity. There are three stages:<br>&#8211; Local Finals,<br>&#8211; National All-Poland Finale,<br>&#8211;  European Final.&nbsp;Students compete in two categories:- Team Design \u2013 the  participants make functional devices, with only simple tools and basic  materials at their disposal,- Case Study \u2013 the participants create an  optimal action plan for a presented theoretical problem related to  technical fields, environmental protection and contemporary social  problems.The Polish edition is part of the international European BEST  Engineering Competition, in which students from 33 European countries  participate.<\/p>\n\n\n\n<p>More information at www.ebec.pl or  www.facebook.com\/EBECPoland <\/p>\n\n\n\n<p><\/p>\n","protected":false},"excerpt":{"rendered":"<p>About the Academy The Academy of Engineering in Poland is a scientific association established in 1992. The Academy&#8217;s mission is to support the development of&#8230;<\/p>\n","protected":false},"author":2,"featured_media":0,"parent":0,"menu_order":0,"comment_status":"closed","ping_status":"closed","template":"","meta":{"footnotes":""},"class_list":["post-13","page","type-page","status-publish","hentry"],"_links":{"self":[{"href":"https:\/\/akademiainzynierska.pl\/index.php\/wp-json\/wp\/v2\/pages\/13","targetHints":{"allow":["GET"]}}],"collection":[{"href":"https:\/\/akademiainzynierska.pl\/index.php\/wp-json\/wp\/v2\/pages"}],"about":[{"href":"https:\/\/akademiainzynierska.pl\/index.php\/wp-json\/wp\/v2\/types\/page"}],"author":[{"embeddable":true,"href":"https:\/\/akademiainzynierska.pl\/index.php\/wp-json\/wp\/v2\/users\/2"}],"replies":[{"embeddable":true,"href":"https:\/\/akademiainzynierska.pl\/index.php\/wp-json\/wp\/v2\/comments?post=13"}],"version-history":[{"count":20,"href":"https:\/\/akademiainzynierska.pl\/index.php\/wp-json\/wp\/v2\/pages\/13\/revisions"}],"predecessor-version":[{"id":2015,"href":"https:\/\/akademiainzynierska.pl\/index.php\/wp-json\/wp\/v2\/pages\/13\/revisions\/2015"}],"wp:attachment":[{"href":"https:\/\/akademiainzynierska.pl\/index.php\/wp-json\/wp\/v2\/media?parent=13"}],"curies":[{"name":"wp","href":"https:\/\/api.w.org\/{rel}","templated":true}]}}