{"id":11,"date":"2020-03-04T17:23:03","date_gmt":"2020-03-04T16:23:03","guid":{"rendered":"http:\/\/serwer2063028.home.pl\/autoinstalator\/wordpressplugins\/?page_id=11"},"modified":"2025-12-10T19:47:42","modified_gmt":"2025-12-10T18:47:42","slug":"kontakt","status":"publish","type":"page","link":"https:\/\/akademiainzynierska.pl\/index.php\/kontakt\/","title":{"rendered":"Kontakt"},"content":{"rendered":"\n<p>e-mail:&nbsp;<a href=\"mailto:aip@akademiainzynierska.pl\">aip@akademiainzynierska.pl<\/a>&nbsp; &nbsp; &nbsp; &nbsp; &nbsp; &nbsp; &nbsp; &nbsp; &nbsp; &nbsp; &nbsp; &nbsp;<\/p>\n\n\n\n<p><strong>Prezes &#8211; Teofil Jesionowski<\/strong> e-mail:\u00a0teofil.jesionowski@put.poznan.pl<\/p>\n\n\n\n<p><strong>Wiceprezes &#8211; Sebastian Skoczypiec<\/strong> e-mail:\u00a0sebastian.skoczypiec@pk.edu.pl<\/p>\n\n\n\n<p><strong>Wiceprezes &#8211; <\/strong><a href=\"https:\/\/akademiainzynierska.pl\/index.php\/czlonkowie-akademii\/#ewk\">Emilia Wo\u0142owiec Korecka<\/a> e-mail: emilia.wolowiec-korecka@p.lodz.pl<\/p>\n\n\n\n<p><strong>Sekretarz Generalny &#8211; Dorota Oniszczuk-\u015awiercz<\/strong> e-mail:\u00a0dorota.swiercz@pw.edu.pl<\/p>\n\n\n\n<p><strong>Skarbnik &#8211; <\/strong>Albert Smalcerz e-mail:\u00a0albert.smalcerz@polsl.pl<\/p>\n\n\n\n<p><br>Adres korespondencyjny Akademii:<\/p>\n\n\n\n<p>ul. Czackiego 3\/5&nbsp; &nbsp; &nbsp; &nbsp; &nbsp; &nbsp; &nbsp; &nbsp; &nbsp;&nbsp;<br>00-043 Warszawa<br>Skrytka pocztowa 40&nbsp;&nbsp;<\/p>\n\n\n\n<p>Uwagi dotycz\u0105ce strony www &#8211; dr in\u017c. Adrian Smag\u00f3r e-mail:&nbsp;<a href=\"mailto:adrian.smagor@polsl.pl\">adrian.smagor@polsl.pl<\/a><\/p>\n\n\n\n<p>Newsletter &#8211; prof. Dariusz \u015awisulski e-mail:&nbsp;<a href=\"mailto:dariusz.swisulski@pg.edu.pl\">dariusz.swisulski@pg.edu.pl<\/a> <\/p>\n","protected":false},"excerpt":{"rendered":"<p>e-mail:&nbsp;aip@akademiainzynierska.pl&nbsp; &nbsp; &nbsp; &nbsp; &nbsp; &nbsp; &nbsp; &nbsp; &nbsp; &nbsp; &nbsp; &nbsp; Prezes &#8211; Teofil Jesionowski e-mail:\u00a0teofil.jesionowski@put.poznan.pl Wiceprezes &#8211; Sebastian Skoczypiec e-mail:\u00a0sebastian.skoczypiec@pk.edu.pl Wiceprezes &#8211; Emilia&#8230;<\/p>\n","protected":false},"author":2,"featured_media":0,"parent":0,"menu_order":0,"comment_status":"closed","ping_status":"closed","template":"","meta":{"footnotes":""},"class_list":["post-11","page","type-page","status-publish","hentry"],"_links":{"self":[{"href":"https:\/\/akademiainzynierska.pl\/index.php\/wp-json\/wp\/v2\/pages\/11","targetHints":{"allow":["GET"]}}],"collection":[{"href":"https:\/\/akademiainzynierska.pl\/index.php\/wp-json\/wp\/v2\/pages"}],"about":[{"href":"https:\/\/akademiainzynierska.pl\/index.php\/wp-json\/wp\/v2\/types\/page"}],"author":[{"embeddable":true,"href":"https:\/\/akademiainzynierska.pl\/index.php\/wp-json\/wp\/v2\/users\/2"}],"replies":[{"embeddable":true,"href":"https:\/\/akademiainzynierska.pl\/index.php\/wp-json\/wp\/v2\/comments?post=11"}],"version-history":[{"count":8,"href":"https:\/\/akademiainzynierska.pl\/index.php\/wp-json\/wp\/v2\/pages\/11\/revisions"}],"predecessor-version":[{"id":2009,"href":"https:\/\/akademiainzynierska.pl\/index.php\/wp-json\/wp\/v2\/pages\/11\/revisions\/2009"}],"wp:attachment":[{"href":"https:\/\/akademiainzynierska.pl\/index.php\/wp-json\/wp\/v2\/media?parent=11"}],"curies":[{"name":"wp","href":"https:\/\/api.w.org\/{rel}","templated":true}]}}